{"id":90,"date":"2023-04-03T19:29:49","date_gmt":"2023-04-03T17:29:49","guid":{"rendered":"https:\/\/consolatozurigo.esteri.it\/?page_id=90"},"modified":"2025-06-25T14:48:57","modified_gmt":"2025-06-25T19:48:57","slug":"traduzione-e-legalizzazione-dei-documenti","status":"publish","type":"page","link":"https:\/\/conschicago.esteri.it\/it\/servizi-consolari-e-visti\/servizi-per-il-cittadino-italiano\/traduzione-e-legalizzazione-dei-documenti\/","title":{"rendered":"Traduzione e legalizzazione dei documenti"},"content":{"rendered":"<p style=\"text-align: justify;\">Per poter essere fatti valere in Italia, gli atti e i documenti rilasciati da autorit\u00e0 statunitensi\u00a0 devono essere legalizzati mediante l&#8217;<a href=\"https:\/\/conschicago.esteri.it\/wp-content\/uploads\/2023\/06\/Apostille.pdf\"><strong>Apostille<\/strong><\/a>\u00a0rilasciata dal Secretary of State dello Stato in cui tali documenti sono originati.<br \/>\nTali atti e documenti, eccetto quelli redatti su modelli plurilingue previsti da Convenzioni internazionali, devono inoltre essere tradotti in italiano.<br \/>\nLe traduzioni devono recare il timbro \u201cper traduzione conforme\u201d apposto dalle Autorit\u00e0 Consolari.<\/p>\n<p style=\"text-align: justify;\">Al fine di ottenere il\u00a0<strong>certificato di conformit\u00e0 della traduzione<\/strong> il richiedente dovr\u00e0 presentarsi, presso l\u2019Ufficio consolare munito del documento originale in lingua straniera e della traduzione, oppure inviarli per posta insieme ad una busta preaffrancata e preindirizzata per la restituzione.<\/p>\n<p style=\"text-align: justify;\">Gli atti di cui sopra sono soggetti al\u00a0<strong>pagamento dei diritti<\/strong>\u00a0di cui alla\u00a0<strong>Tariffa consolare<\/strong> (vedasi Home Page) attualmente vigente. I pagamenti devono essere effettuati in Dollari USA. Contattare il Consolato a <a href=\"mailto:italcons.chicago@esteri.it\">italcons.chicago@esteri.it<\/a>\u00a0per informazioni sulle tariffe corrette.<\/p>\n<p style=\"text-align: justify;\"><span style=\"text-decoration: underline;\"><em><strong>Apostille<\/strong><\/em><\/span><br \/>\nNei Paesi che hanno sottoscritto la Convenzione dell\u2019Aia del 5 ottobre 1961 relativa all\u2019abolizione della legalizzazione di atti pubblici stranieri, la necessit\u00e0 di legalizzare gli atti e i documenti rilasciati da autorit\u00e0 straniere \u00e8 sostituita da un\u2019altra formalit\u00e0: l\u2019apposizione della \u201cpostilla\u201d (o apostille).<br \/>\nPertanto, una persona proveniente da un Paese che ha aderito a questa Convenzione non ha bisogno di recarsi presso la Rappresentanza consolare e chiedere la legalizzazione, ma pu\u00f2 recarsi presso la competente autorit\u00e0 interna designata da ciascuno Stato &#8211; e indicata per ciascun Paese nell\u2019atto di adesione alla Convenzione stessa (normalmente si tratta del Ministero degli Esteri) &#8211; per ottenere l\u2019apposizione dell\u2019apostille sul documento. Cos\u00ec perfezionato, il documento viene riconosciuto in Italia.<\/p>\n<p>I Paesi che hanno ratificato la\u00a0<strong>Convenzione dell\u2019Aja<\/strong>\u00a0sono:<\/p>\n<p>Albania, Andorra, Antigua e Barbuda, Argentina, Armenia, Australia, Austria, Azerbaijan, Bahamas, Barbados, Bielorussia, Belgio, Belize, Bosnia-Erzegovina, Botswana, Brunei-Darussalam, Bulgaria, Capo Verde, Cina (Hong Kong), Cina (Macao), Cipro, Colombia, Costa Rica, Croazia, Corea del Sud, Danimarca, Dominica, Ecuador, El Salvador, Estonia, Federazione Russa, Fiji, Finlandia, Francia, Georgia, Germania, Giappone, Gran Bretagna, Grecia, Grenada, Honduras, India, Irlanda, Islanda, Isole Cook, Isole Marshall, Israele, Italia, Kazakhstan, Kirghizistan, Lesotho, Lettonia, Liberia, Liechtenstein, Lituania, Lussemburgo, Macedonia, Malawi, Malta, Mauritius, Messico, Moldova, Monaco, Mongolia, Montenegro, Namibia, Nuova Zelanda, Niue, Norvegia, Oman, Panama, Paesi Bassi, Per\u00f9, Polonia, Portogallo, Repubblica Ceca, Repubblica Domenicana, Romania, Saint Kitts and Nevis, Saint Lucia, Saint Vincent and the Grenadines, Samoa, San Marino, Sao Tome e Principe, Serbia, Seychelles, Slovacchia, Slovenia, Spagna, Sud Africa, Suriname, Svezia, Svizzera, Swaziland, Tonga, Trinidad e Tobago, Turchia, Ucraine, Ungheria, USA, Vanuatu, Venezuela<\/p>\n<p>L\u2019elenco delle autorit\u00e0 competenti all\u2019apposizione dell\u2019apostille per ciascuno dei sopra indicati Stati \u00e8 disponibile sul sito della Conferenza de l\u2019Aja di diritto internazionale privato:\u00a0<a href=\"http:\/\/www.hcch.net\/\">http:\/\/www.hcch.net\/<\/a>.<\/p>\n<p><strong><a href=\"https:\/\/conschicago.esteri.it\/wp-content\/uploads\/2025\/06\/Lista-Traduttori-25.06.2025.pdf\">Lista traduttori<\/a><\/strong><\/p>\n","protected":false},"excerpt":{"rendered":"Per poter essere fatti valere in Italia, gli atti e i documenti rilasciati da autorit\u00e0 statunitensi\u00a0 devono essere legalizzati mediante l&#8217;Apostille\u00a0rilasciata dal Secretary of State dello Stato in cui tali documenti sono originati. Tali atti e documenti, eccetto quelli redatti su modelli plurilingue previsti da Convenzioni internazionali, devono inoltre essere tradotti in italiano. Le traduzioni [&hellip;]","protected":false},"author":1,"featured_media":0,"parent":59,"menu_order":14,"comment_status":"closed","ping_status":"closed","template":"","meta":{"footnotes":""},"class_list":["post-90","page","type-page","status-publish","hentry"],"_links":{"self":[{"href":"https:\/\/conschicago.esteri.it\/it\/wp-json\/wp\/v2\/pages\/90","targetHints":{"allow":["GET"]}}],"collection":[{"href":"https:\/\/conschicago.esteri.it\/it\/wp-json\/wp\/v2\/pages"}],"about":[{"href":"https:\/\/conschicago.esteri.it\/it\/wp-json\/wp\/v2\/types\/page"}],"author":[{"embeddable":true,"href":"https:\/\/conschicago.esteri.it\/it\/wp-json\/wp\/v2\/users\/1"}],"replies":[{"embeddable":true,"href":"https:\/\/conschicago.esteri.it\/it\/wp-json\/wp\/v2\/comments?post=90"}],"version-history":[{"count":4,"href":"https:\/\/conschicago.esteri.it\/it\/wp-json\/wp\/v2\/pages\/90\/revisions"}],"predecessor-version":[{"id":4634,"href":"https:\/\/conschicago.esteri.it\/it\/wp-json\/wp\/v2\/pages\/90\/revisions\/4634"}],"up":[{"embeddable":true,"href":"https:\/\/conschicago.esteri.it\/it\/wp-json\/wp\/v2\/pages\/59"}],"wp:attachment":[{"href":"https:\/\/conschicago.esteri.it\/it\/wp-json\/wp\/v2\/media?parent=90"}],"curies":[{"name":"wp","href":"https:\/\/api.w.org\/{rel}","templated":true}]}}