{"id":896,"date":"2023-08-08T10:33:33","date_gmt":"2023-08-08T15:33:33","guid":{"rendered":"https:\/\/conschicago.esteri.it\/?page_id=896"},"modified":"2023-10-17T13:19:12","modified_gmt":"2023-10-17T18:19:12","slug":"ufficio-scolastico","status":"publish","type":"page","link":"https:\/\/conschicago.esteri.it\/it\/servizi-consolari-e-visti\/servizi-per-il-cittadino-italiano\/ufficio-scolastico\/","title":{"rendered":"Ufficio Scolastico"},"content":{"rendered":"<p><strong><u>Dirigente:<\/u><\/strong><\/p>\n<p><strong>Marina Lenza<\/strong><\/p>\n<p><strong>e-mail: marina.lenza@esteri.it<\/strong><\/p>\n<p><strong><u>Contatti:<\/u><\/strong><\/p>\n<p><strong>e-mail: scuola.chicago@esteri.it<\/strong><\/p>\n<p><strong>Telefono: (312) 995 5489<\/strong><\/p>\n<p>&nbsp;<\/p>\n<p><strong><u>L&#8217;Ufficio scolastico del Consolato si occupa della promozione dei corsi di lingua e cultura italiana nelle scuole della Circoscrizione Consolare.<\/u><\/strong><\/p>\n<p><strong><em><u>\u00a0<\/u><\/em><\/strong><\/p>\n<p><strong><em><u>In particolare, l&#8217;Ufficio scolastico:<\/u><\/em><\/strong><\/p>\n<ul>\n<li><em><u> monitora i corsi di lingua italiana nelle scuole K12, sul piano della continuita\u2019 e qualita\u2019 didattica;<\/u><\/em><\/li>\n<li><em><u> collabora e interagisce con le Istituzioni scolastiche pubbliche e private, per sostenere le attivita\u2019 dei corsi di italiano attivi nelle scuole stesse;<\/u><\/em><\/li>\n<li><em><u> avvia contatti con i Department of Education degli Stati della Circoscrizione, Contee e Distretti scolastici, per implementare programmi di lingua e cultura italiana in contesti dove l\u2019insegnamento dell\u2019Italiano non e\u2019 presente, fornendo supporto informativo ai Rappresentanti delle Scuole pubbliche e private e assistenza nel reperimento di materiali didattici per i docenti di italiano;<\/u><\/em><\/li>\n<li><em><u> organizza iniziative di formazione e aggiornamento a favore dei docenti di lingua italiana anche in collaborazione con le universita\u2019 locali e le associazioni professionali;<\/u><\/em><\/li>\n<li><u> assiste<em> le scuole nella richiesta di contributi del Governo italiano per contribuire ai costi per la retribuzione dei docenti dei programmi di italiano;<\/em><\/u><\/li>\n<li><u> <em>organizza attivita\u2019, concorsi e progetti per gli studenti di italiano nelle scuole e nelle universit\u00e0 americane;<\/em><\/u><\/li>\n<li><em><u> realizza accordi di cooperazione per scambi scolastici tra scuole americane e scuole italiane;<\/u><\/em><\/li>\n<li><em><u> promuove accordi per favorire borse di studio e stage in Italia per studenti americani iscritti ai programmi di italiano;<\/u><\/em><\/li>\n<li><em><u> organizza iniziative per facilitare l&#8217;interazione tra gli studenti di italiano nelle scuole e nelle universit\u00e0 americane con le aziende italiane e americane.<\/u><\/em><\/li>\n<\/ul>\n<p>&nbsp;<\/p>\n<p>&nbsp;<\/p>\n<p><strong><u>1) SCUOLE PUBBLICHE E PRIVATE CHE COLLABORANO DIRETTAMENTE CON L\u2019UFFICIO SCOLASTICO <\/u><\/strong><\/p>\n<p>Le Scuole della Circoscrizione impegnate nell\u2019insegnamento dell\u2019italiano collaborano direttamente con il Consolato.<\/p>\n<p>41 Scuole (pubbliche e private) e 6 Associazioni promuovono corsi di italiano negli Stati del Colorado, Illinois, Minnesota, Missouri e Wisconsin in collaborazione con l&#8217;Ufficio scolastico.<\/p>\n<p>L&#8217;indagine annuale promossa dal Consolato a Chicago per l\u2019a.s. 2021\/2022 ha registrato 5.463 studenti nei corsi di italiano (4.676 studenti nelle scuole pubbliche e private e 787 studenti nelle scuole di lingua private e associazioni culturali).<\/p>\n<p>&nbsp;<\/p>\n<p><strong><u>2) AVVIO DI UN PROGRAMMA DI LINGUA ITALIANA NELLE SCUOLE LOCALI<\/u><\/strong><\/p>\n<p>L&#8217;Ufficio scolastico assiste le scuole americane, in particolare le scuole primarie e medie, in quanto bacino di studenti per le High School e le Universita\u2019, per favorire l\u2019istituzione di programmi di italiano, attraverso:<\/p>\n<p>&#8211; Supporto informativo ai Rappresentanti delle Scuole pubbliche e private interessate ad avviare un programma di italiano, sia come attivit\u00e0 curriculare che come attivit\u00e0 extracurriculare di base (auspicabilmente da sviluppare successivamente con l\u2019avvio di un programma curriculare.<\/p>\n<p>&#8211; Assistenza alle scuole americane per il reclutamento dei docenti di italiano per i nuovi programmi, per l\u2019aggiornamento professionale e il reperimento di materiali didattici.<\/p>\n<p>&#8211; Assistenza alle scuole nella presentazione della richiesta di fondi dello Stato italiano per contribuire alle spese delle nuove cattedre di italiano.<\/p>\n<p>&nbsp;<\/p>\n<p><strong><u>3) RICHIESTA DI CONTRIBUTI DEL GOVERNO ITALIANO PER SOSTEGNO CORSI DI LINGUA ITALIANA NELLE SCUOLE AMERICANE<\/u><\/strong><\/p>\n<p>Lo Stato italiano mette a disposizione delle scuole americane che svolgono Programmi di Italiano i fondi (Cap. 2619 pg 2) per contribuire allo stipendio dell&#8217;insegnante del programma di italiano assunto dalla scuola\/distretto.<\/p>\n<p>I fondi del Governo italiano non sono una donazione ma un contributo destinato alla Scuola per sostenere il Programma di Italiano.<\/p>\n<p><strong><em><u>Procedure per le Scuole che intendono richiedere il contributo del Governo Italiano<\/u><\/em><\/strong><\/p>\n<p>&#8211; Il contributo annuale del Governo italiano pu\u00f2 essere richiesto dalla scuola al Consolato ogni anno, nel mese di marzo, dopo l&#8217;attivazione dei corsi, indicando il numero dei corsi offerti, il numero dei docenti e il numero degli studenti iscritti. La concessione del contributo e\u2019 comunicata dal MAECI alla fine dell\u2019anno scolastico.<\/p>\n<p>Sulla base dei fondi a disposizione del Ministero e dell&#8217;andamento dei dati che la scuola fornir\u00e0, il contributo potr\u00e0 essere confermato, ridotto o aumentato, considerati le ore di didattica settimanali\/totale e il costo orario medio del docente.<\/p>\n<p><strong>\u00a0<\/strong><\/p>\n<p><strong><u>4) ESAME AP IN\u00a0 ITALIANO<\/u><\/strong><\/p>\n<p>L&#8217;esame AP di lingua e cultura italiana valuta la conoscenza della lingua italiana da parte degli studenti.<\/p>\n<p>Normalmente \u00e8 sostenuto durante l&#8217;ultimo anno di scuola superiore ed \u00e8 equivalente a un corso di livello universitario.<\/p>\n<p>Gli studenti che superano l&#8217;AP italiano, a seconda del punteggio, possono ricevere crediti nella maggior parte delle universit\u00e0 statunitensi e in molte universit\u00e0 all&#8217;estero.<\/p>\n<p>Un elenco di tutte le universit\u00e0 convenzionate con il College Board \u00e8 disponibile sul sito web del College Board.<\/p>\n<p>Gli studenti che si sono diplomati in una High School americana e hanno superato AP in italiano e altri 2 AP in materie relative ai futuri studi accademici, possono iscriversi direttamente alle universit\u00e0 italiane.<\/p>\n<p>2.200 studenti hanno superato l&#8217;AP italiano nel 2022, con un leggero aumento nonostante l&#8217;emergenza sanitaria.<\/p>\n<p>Questa tendenza si conferma sostanzialmente per il 2023, a testimonianza del grande interesse degli studenti americani per la lingua italiana.<\/p>\n<p>Gli studenti che prendono AP in italiano possono fare domanda all&#8217;Associazione Eduitalia, che \u00e8 un&#8217;associazione a cui aderiscono circa 100 scuole e universit\u00e0 italiane, che offre agli studenti statunitensi borse di studio per un&#8217;esperienza di studio in Italia.<\/p>\n<p>&nbsp;<\/p>\n<p><strong><u>5) OSSERVATORIO NAZIONALE DELLA LINGUA ITALIANA NEGLI USA<\/u><\/strong><\/p>\n<p>L&#8217;Osservatorio Nazionale della Lingua Italiana negli USA definisce il Piano Strategico annuale per la Promozione della Lingua Italiana negli Stati Uniti e le iniziative per realizzare questi obiettivi.<\/p>\n<p>L&#8217;Osservatorio Locale \u00e8 composto da rappresentanti delle scuole e delle universit\u00e0, nonch\u00e9 di associazioni e imprese italiane che cooperano per attuare strategie condivise per diffondere e migliorare lo studio della lingua italiana nella Circoscrizione Consolare.<\/p>\n<p><em><strong><u>Risorse<\/u><\/strong><\/em><\/p>\n<p><a href=\"https:\/\/conschicago.esteri.it\/wp-content\/uploads\/2023\/08\/2021-Opuscolo-AP-Italian-Exam-Deff.pdf\"><strong><u>Flyer Programma AP<\/u><\/strong><\/a><\/p>\n<p><a href=\"https:\/\/conschicago.esteri.it\/wp-content\/uploads\/2023\/08\/01-Corsi-italiano-1.pdf\"><strong><u>Formazione professionale Docenti<\/u><\/strong><\/a><\/p>\n<p><a href=\"https:\/\/italiana.esteri.it\/italiana\/\"><strong>Portale Italiana<\/strong><\/a><\/p>\n","protected":false},"excerpt":{"rendered":"Dirigente: Marina Lenza e-mail: marina.lenza@esteri.it Contatti: e-mail: scuola.chicago@esteri.it Telefono: (312) 995 5489 &nbsp; L&#8217;Ufficio scolastico del Consolato si occupa della promozione dei corsi di lingua e cultura italiana nelle scuole della Circoscrizione Consolare. \u00a0 In particolare, l&#8217;Ufficio scolastico: monitora i corsi di lingua italiana nelle scuole K12, sul piano della continuita\u2019 e qualita\u2019 didattica; collabora [&hellip;]","protected":false},"author":4,"featured_media":0,"parent":59,"menu_order":23,"comment_status":"closed","ping_status":"closed","template":"","meta":{"footnotes":""},"class_list":["post-896","page","type-page","status-publish","hentry"],"_links":{"self":[{"href":"https:\/\/conschicago.esteri.it\/it\/wp-json\/wp\/v2\/pages\/896","targetHints":{"allow":["GET"]}}],"collection":[{"href":"https:\/\/conschicago.esteri.it\/it\/wp-json\/wp\/v2\/pages"}],"about":[{"href":"https:\/\/conschicago.esteri.it\/it\/wp-json\/wp\/v2\/types\/page"}],"author":[{"embeddable":true,"href":"https:\/\/conschicago.esteri.it\/it\/wp-json\/wp\/v2\/users\/4"}],"replies":[{"embeddable":true,"href":"https:\/\/conschicago.esteri.it\/it\/wp-json\/wp\/v2\/comments?post=896"}],"version-history":[{"count":1,"href":"https:\/\/conschicago.esteri.it\/it\/wp-json\/wp\/v2\/pages\/896\/revisions"}],"predecessor-version":[{"id":1802,"href":"https:\/\/conschicago.esteri.it\/it\/wp-json\/wp\/v2\/pages\/896\/revisions\/1802"}],"up":[{"embeddable":true,"href":"https:\/\/conschicago.esteri.it\/it\/wp-json\/wp\/v2\/pages\/59"}],"wp:attachment":[{"href":"https:\/\/conschicago.esteri.it\/it\/wp-json\/wp\/v2\/media?parent=896"}],"curies":[{"name":"wp","href":"https:\/\/api.w.org\/{rel}","templated":true}]}}