{"id":767,"date":"2023-08-07T11:44:09","date_gmt":"2023-08-07T16:44:09","guid":{"rendered":"https:\/\/conschicago.esteri.it\/?page_id=767"},"modified":"2023-08-10T12:27:42","modified_gmt":"2023-08-10T17:27:42","slug":"notifiche-allestero","status":"publish","type":"page","link":"https:\/\/conschicago.esteri.it\/it\/servizi-consolari-e-visti\/servizi-per-il-cittadino-italiano\/notifiche-allestero\/","title":{"rendered":"Notifiche all&#8217;estero"},"content":{"rendered":"<div class=\"sr-only\"><strong>Notifica all\u2019estero di atti giudiziari ed extragiudiziari<\/strong><\/div>\n<div>\n<p style=\"text-align: justify;\">L&#8217;attivit\u00e0 di notificazione \u00e8 una fase fondamentale dei processi civili, penali, tributari, amministrativi, fallimentari e del lavoro, nonch\u00e9 di alcune fasi pre-processuali o amministrative, che d\u00e0 la conoscenza legale di un provvedimento mediante la consegna di un atto, giudiziario o extragiudiziario, da parte di un particolare soggetto notificatore, secondo precise modalit\u00e0.<br \/>\nAi sensi dell\u2019art. 37 del D.Lgs. 71\/2011 l\u2019Ufficio consolare provvede alla notifica degli atti ad esso rimessi, in conformit\u00e0 alle disposizioni di cooperazione giudiziaria dell\u2019UE, alle convenzioni internazionali in materia e alle leggi dello Stato di residenza.<\/p>\n<p style=\"text-align: left;\"><strong>NOTIFICA ALL\u2019ESTERO DEGLI ATTI GIUDIZIARI ED EXTRAGIUDIZIARI IN MATERIA CIVILE E COMMERCIALE.<br \/>\n<\/strong>Le informazioni sono reperibili nella \u201cGuida alla notifica all&#8217;estero degli atti giudiziari ed extragiudiziari in materia civile e commerciale\u201d.<\/p>\n<p><strong>NOTIFICA DI ATTI AMMINISTRATIVI A PERSONE RESIDENTI ALL\u2019ESTERO<\/strong><\/p>\n<p>A. IN CASO DI INDIRIZZO CONOSCIUTO<\/p>\n<p>1. La prima cosa da verificare \u00e8 se il paese di destinazione abbia ratificato la convenzione di Strasburgo del 24.11.1977. Attualmente i paesi che hanno aderito sono\u00a0<strong>AUSTRIA, BELGIO, ESTONIA, FRANCIA, GERMANIA, ITALIA, LUSSEMBURGO<\/strong>\u00a0e SPAGNA* (le Autorit\u00e0 spagnole considerano che la Convenzione di Strasburgo del 1977 non sia applicabile ai casi di infrazioni la cui sanzione non rientri nella competenza delle Autorit\u00e0 giudiziarie, come nella maggior parte delle infrazioni stradali).<br \/>\nTutte le informazioni riguardanti la Convenzione sono reperibili sul sito <a href=\"https:\/\/www.coe.int\/en\/web\/conventions\/\">https:\/\/www.coe.int\/en\/web\/conventions\/<\/a>\u00a0Sotto il titolo \u201c<strong>Council of Europe Treaties<\/strong>\u201d che appare in alto a sinistra, cliccando sulla voce \u201c<strong>Full List<\/strong>\u201d si ha l\u2019elenco completo delle convenzioni; quella che interessa la materia in questione \u00e8 la\u00a0<strong>094 \u201cEuropean Convention on the Service abroad of Documents relating to Administrative Matters\u201d<\/strong>. Cliccando su questa voce, \u00e8 possibile ottenere il testo della Convenzione (sia in formato Word che Html) nonch\u00e9 l\u2019elenco delle Autorit\u00e0 Centrali designate dai Paesi aderenti per la ricezione delle notifiche ed i formulari da utilizzare (questi ultimi sono alla fine del testo della Convenzione in formato Word).<br \/>\nAi sensi di tale Convenzione le richieste di notifica dovranno essere inviate:<\/p>\n<p>\u25a0<strong>direttamente alle Autorit\u00e0<\/strong>\u00a0centrali designate dai paesi aderenti (in Italia al Ministero degli Affari Esteri). L\u2019atto da notificare dovr\u00e0 essere inviato in doppia copia, in lingua italiana (anche se si consiglia la traduzione nella lingua del paese destinatario o nella lingua veicolare conosciuta) accompagnato dal formulario;<\/p>\n<p>oppure<\/p>\n<p>\u25a0<strong>ai sensi<\/strong>\u00a0<strong>dell\u2019art. 11, direttamente agli interessati dei provvedimenti a mezzo raccomandata con ricevuta di ritorno<\/strong>. Alle modalit\u00e0 di notifica di cui all\u2019art. 11 si oppone per\u00f2 la Germania.<br \/>\n2. Nel caso in cui il Paese non sia firmatario della predetta Convenzione (ma rientri nella lista di Paesi sottoriportata), \u00e8 comunque possibile la\u00a0<strong>notifica a mezzo posta raccomandata<\/strong>\u00a0dal momento che la normativa locale non prevede motivi ostativi alla trasmissione diretta da parte degli uffici dell\u2019Amministrazione pubblica italiana:<\/p>\n<p>\u25a0ALBANIA<br \/>\n\u25a0AUSTRALIA<br \/>\n\u25a0CANADA<br \/>\n\u25a0CILE<br \/>\n\u25a0COLOMBIA<br \/>\n\u25a0COSTA RICA<br \/>\n\u25a0EL SALVADOR<br \/>\n\u25a0FILIPPINE<br \/>\n\u25a0FINLANDIA<br \/>\n\u25a0GIORDANIA<br \/>\n\u25a0GRAN BRETAGNA<br \/>\n\u25a0IRAQ<br \/>\n\u25a0IRLANDA<br \/>\n\u25a0ISRAELE<br \/>\n\u25a0LETTONIA<br \/>\n\u25a0MOZAMBICO<br \/>\n\u25a0NUOVA ZELANDA<br \/>\n\u25a0OMAN<br \/>\n\u25a0PAESI BASSI<br \/>\n\u25a0PARAGUAY<br \/>\n\u25a0PERU\u2019<br \/>\n\u25a0PORTOGALLO<br \/>\n\u25a0REP. DI COREA<br \/>\n\u25a0SINGAPORE<br \/>\n\u25a0SLOVACCHIA<br \/>\n\u25a0SVEZIA<br \/>\n\u25a0UGANDA<br \/>\n\u25a0UNGHERIA<\/p>\n<p>3. La notifica di atti a soggetti residenti nelle\u00a0<strong>Repubbliche della ex Jugoslavia (Bosnia-Erzegovina, Croazia, Macedonia, Montenegro, Serbia, Slovenia)<\/strong>\u00a0deve avvenire, come previsto dall\u2019art. 4 della Convenzione italo-jugoslava di assistenza giudiziaria e amministrativa firmata a Roma il 3.12.1960, per il tramite del nostro Ministero della Giustizia. Gli atti andranno pertanto inviati direttamente al predetto Dicastero &#8211; DGGC Uff. II, Via Arenula 70, 00186 ROMA.<\/p>\n<p>4.\u00a0<strong>Per tutti gli altri Paesi\u00a0<\/strong>l\u2019atto, in doppia copia e con traduzione nella lingua del paese di destinazione o nella lingua veicolare in uso, va spedito direttamente alle Rappresentanze diplomatico-consolari italiane all\u2019estero (il cui elenco \u00e8 disponibile all\u2019indirizzo <a href=\"https:\/\/www.esteri.it\/it\/ministero\/struttura\/laretediplomatica\/\">https:\/\/www.esteri.it\/it\/ministero\/struttura\/laretediplomatica\/<\/a>. Sar\u00e0 cura della Rappresentanza restituire all\u2019ufficio richiedente una copia dell\u2019atto con la relata di notifica.<\/p>\n<p>B. IN CASO DI INDIRIZZO SCONOSCIUTO<\/p>\n<p>Non \u00e8 possibile effettuare la notifica dell\u2019atto all\u2019estero.<\/p>\n<\/div>\n","protected":false},"excerpt":{"rendered":"Notifica all\u2019estero di atti giudiziari ed extragiudiziari L&#8217;attivit\u00e0 di notificazione \u00e8 una fase fondamentale dei processi civili, penali, tributari, amministrativi, fallimentari e del lavoro, nonch\u00e9 di alcune fasi pre-processuali o amministrative, che d\u00e0 la conoscenza legale di un provvedimento mediante la consegna di un atto, giudiziario o extragiudiziario, da parte di un particolare soggetto notificatore, [&hellip;]","protected":false},"author":4,"featured_media":0,"parent":59,"menu_order":11,"comment_status":"closed","ping_status":"closed","template":"","meta":{"footnotes":""},"class_list":["post-767","page","type-page","status-publish","hentry"],"_links":{"self":[{"href":"https:\/\/conschicago.esteri.it\/it\/wp-json\/wp\/v2\/pages\/767","targetHints":{"allow":["GET"]}}],"collection":[{"href":"https:\/\/conschicago.esteri.it\/it\/wp-json\/wp\/v2\/pages"}],"about":[{"href":"https:\/\/conschicago.esteri.it\/it\/wp-json\/wp\/v2\/types\/page"}],"author":[{"embeddable":true,"href":"https:\/\/conschicago.esteri.it\/it\/wp-json\/wp\/v2\/users\/4"}],"replies":[{"embeddable":true,"href":"https:\/\/conschicago.esteri.it\/it\/wp-json\/wp\/v2\/comments?post=767"}],"version-history":[{"count":0,"href":"https:\/\/conschicago.esteri.it\/it\/wp-json\/wp\/v2\/pages\/767\/revisions"}],"up":[{"embeddable":true,"href":"https:\/\/conschicago.esteri.it\/it\/wp-json\/wp\/v2\/pages\/59"}],"wp:attachment":[{"href":"https:\/\/conschicago.esteri.it\/it\/wp-json\/wp\/v2\/media?parent=767"}],"curies":[{"name":"wp","href":"https:\/\/api.w.org\/{rel}","templated":true}]}}