{"id":706,"date":"2023-06-21T17:15:32","date_gmt":"2023-06-21T22:15:32","guid":{"rendered":"https:\/\/conschicago.esteri.it\/?page_id=706"},"modified":"2023-06-21T17:19:08","modified_gmt":"2023-06-21T22:19:08","slug":"certificati-veterinari","status":"publish","type":"page","link":"https:\/\/conschicago.esteri.it\/it\/servizi-consolari-e-visti\/servizi-per-il-cittadino-italiano\/certificati-veterinari\/","title":{"rendered":"Certificati veterinari"},"content":{"rendered":"<p><strong>Certificato sanitario per importazione temporanea di animali domestici<br \/>\n<\/strong><br \/>\nDal 2 ottobre 2004 \u00e8 in vigore il Regolamento 998\\2003\\CE relativo ai requisiti veterinari applicabili all\u2019introduzione ed ai trasferimenti nel territorio dell\u2019Unione Europea di animali domestici (cani, gatti, furetti, ecc.) al seguito dei viaggiatori e senza fini commerciali.<\/p>\n<p>Ogni animale domestico proveniente dagli Stati Uniti deve essere munito del <a href=\"https:\/\/conschicago.esteri.it\/wp-content\/uploads\/2023\/06\/certificato-veterinario.pdf\"><strong>certificato veterinario europeo<\/strong><\/a>.\u00a0Il nuovo formato del certificato e&#8217; stato approvato dalla <a href=\"https:\/\/conschicago.esteri.it\/wp-content\/uploads\/2023\/06\/Decisione-Commissione-europea-2011-874.pdf\" target=\"_self\" rel=\"noopener\"><strong>Decisione della Commissione 2011\/874\/EC<\/strong><\/a> il 15 dicembre 2011.\u00a0 Gli animali domestici dovranno:<\/p>\n<ul>\n<li>essere identificabili tramite tatuaggio leggibile oppure microchip;<\/li>\n<li>essere vaccinati contro la rabbia con vaccinazioni in corso di validit\u00e0.<\/li>\n<\/ul>\n<p>Per l\u2019introduzione in Italia dai Paesi terzi degli animali da compagnia (o domestici) non \u00e8 necessaria l\u2019esecuzione dei trattamenti preventivi nei confronti delle zecche e dell\u2019echinococco.<\/p>\n<p>Per gli animali domestici in provenienza dagli Stati Uniti, l\u2019Allegato II, parte C del Regolamento 998\\2003\\CE prevede inoltre che la vaccinazione non debba essere accompagnata dall\u2019analisi del sangue per la titolazione degli anticorpi nei confronti della rabbia. Il \u201c<a id=\"Department of Agriculture\" href=\"http:\/\/www.usda.gov\/wps\/portal\/usda\/usdahome?navid=TRAVEL_RECREATION&amp;navtype=SU\" target=\"_self\" rel=\"noopener\" name=\"Department of Agriculture\"><strong>Department of Agriculture<\/strong><\/a>\u201c degli Stati Uniti pubblica nel suo sito il Regolamento 998\\2003\\CE ed il modello di certificato veterinario europeo.<\/p>\n<p>\u00c8 possible portare al proprio seguito, in Italia, un massimo di 5 animali domestici, inclusi nel seguente elenco:<br \/>\n\u2022 uccelli (di piccola taglia, ad eccezione dei pappagalli &#8211; vedi pi\u00f9 avanti),<br \/>\n\u2022 cani, gatti, pesci (di piccola dimensione),<br \/>\n\u2022 ranidi (rane comuni),<br \/>\n\u2022 rettili comuni,<br \/>\n\u2022 roditori (esclusi conigli e lepri),<br \/>\n\u2022 lacertidi (lucertole e ramarri),<br \/>\n\u2022 testutinidi (tartarughe terrestri).<\/p>\n<p>Gli animali al seguito potranno essere introdotti in Italia esclusivamente insieme al proprietario e solo se muniti del certificato attestante la buona salute dell\u2019animale. Il certificato NON deve essere legalizzato dal Consolato Generale, \u00e8 sufficiente la firma del veterinario della contea di residenza.<\/p>\n<p>A seguito del viaggiatore \u00e8 ammessa l\u2019introduzione in Italia di n. 2 pappagalli delle specia pi\u00f9 grandi e n. 4 soggetti per le specie pi\u00f9 piccole purch\u00e8 gli animali siano scortati da un certificato sanitario, rilasciato dal Servizio Veterinario Ufficiale del Paese di origine, attestante che gli animali provengono da una localit\u00e0 nella quale, per un raggio di Km. 20, non si sono verificati casi di psittacosi negli ultimi 12 mesi.<\/p>\n","protected":false},"excerpt":{"rendered":"Certificato sanitario per importazione temporanea di animali domestici Dal 2 ottobre 2004 \u00e8 in vigore il Regolamento 998\\2003\\CE relativo ai requisiti veterinari applicabili all\u2019introduzione ed ai trasferimenti nel territorio dell\u2019Unione Europea di animali domestici (cani, gatti, furetti, ecc.) al seguito dei viaggiatori e senza fini commerciali. Ogni animale domestico proveniente dagli Stati Uniti deve essere [&hellip;]","protected":false},"author":4,"featured_media":0,"parent":59,"menu_order":7,"comment_status":"closed","ping_status":"closed","template":"","meta":{"footnotes":""},"class_list":["post-706","page","type-page","status-publish","hentry"],"_links":{"self":[{"href":"https:\/\/conschicago.esteri.it\/it\/wp-json\/wp\/v2\/pages\/706","targetHints":{"allow":["GET"]}}],"collection":[{"href":"https:\/\/conschicago.esteri.it\/it\/wp-json\/wp\/v2\/pages"}],"about":[{"href":"https:\/\/conschicago.esteri.it\/it\/wp-json\/wp\/v2\/types\/page"}],"author":[{"embeddable":true,"href":"https:\/\/conschicago.esteri.it\/it\/wp-json\/wp\/v2\/users\/4"}],"replies":[{"embeddable":true,"href":"https:\/\/conschicago.esteri.it\/it\/wp-json\/wp\/v2\/comments?post=706"}],"version-history":[{"count":0,"href":"https:\/\/conschicago.esteri.it\/it\/wp-json\/wp\/v2\/pages\/706\/revisions"}],"up":[{"embeddable":true,"href":"https:\/\/conschicago.esteri.it\/it\/wp-json\/wp\/v2\/pages\/59"}],"wp:attachment":[{"href":"https:\/\/conschicago.esteri.it\/it\/wp-json\/wp\/v2\/media?parent=706"}],"curies":[{"name":"wp","href":"https:\/\/api.w.org\/{rel}","templated":true}]}}