{"id":702,"date":"2023-06-21T17:08:34","date_gmt":"2023-06-21T22:08:34","guid":{"rendered":"https:\/\/conschicago.esteri.it\/?page_id=702"},"modified":"2026-03-31T13:43:53","modified_gmt":"2026-03-31T18:43:53","slug":"carta-di-identita","status":"publish","type":"page","link":"https:\/\/conschicago.esteri.it\/it\/servizi-consolari-e-visti\/servizi-per-il-cittadino-italiano\/carta-di-identita\/","title":{"rendered":"Carta di identita&#8217; elettronica (C.I.E.)"},"content":{"rendered":"<p>Ufficio competente:\u00a0<a href=\"mailto:passaporti.chicago@esteri.it\">passaporti.chicago@esteri.it<\/a>.<\/p>\n<p style=\"text-align: justify;\">Si prega di contattare l\u2019ufficio solo in caso di dubbi e dopo aver letto attentamente tutte le istruzioni contenute in questa pagina.<\/p>\n<p style=\"text-align: justify;\"><em><strong><span style=\"text-decoration: underline;\">Dal 18 dicembre 202<\/span><span style=\"text-decoration: underline;\">3<\/span><\/strong><\/em> verr\u00e0 avviata la sperimentazione del rilascio della Carta d\u2019Identit\u00e0 Elettronica per i cittadini italiani residenti nella nostra\u00a0<a href=\"https:\/\/conschicago.esteri.it\/it\/chi-siamo\/la-rete-consolare\/\">circoscrizione consolare<\/a><\/p>\n<p style=\"text-align: justify;\"><strong>La nuova Carta d\u2019Identit\u00e0 Elettronica \u00e8 un documento multifunzionale: attesta l\u2019identit\u00e0 del cittadino, \u00e8 un documento di viaggio all\u2019interno dell\u2019UE, riporta il codice fiscale e si pu\u00f2 utilizzare per richiedere un\u2019identit\u00e0 sul sistema SPID (Sistema Pubblico di Identit\u00e0 Digitale) con cui accedere ai Servizi erogati dalle Pubbliche Amministrazioni Italiane.<\/strong><\/p>\n<p><strong>Per maggiori dettagli sui servizi offerti della C.I.E., su come attivarla e come utilizzarla si rimanda al sito del Ministero dell\u2019Interno:<\/strong> <a href=\"https:\/\/www.cartaidentita.interno.gov.it\/\">https:\/\/www.cartaidentita.interno.gov.it\/<\/a><\/p>\n<p>&nbsp;<\/p>\n<p style=\"text-align: center;\"><strong>*************** ATTENZIONE! ***************<br \/>\n<\/strong><\/p>\n<p>&#8211;\u00a0\u00a0\u00a0\u00a0\u00a0\u00a0Trattandosi di fase sperimentale, il numero di appuntamenti \u00e8 per ora molto limitato;<\/p>\n<p style=\"text-align: justify;\">&#8211;\u00a0\u00a0\u00a0\u00a0 La C.I.E. <span style=\"text-decoration: underline;\"><strong>non<\/strong><\/span> viene rilasciata a vista da questo Ufficio Consolare, ma viene spedita per posta a casa del richiedente dall\u2019Istituto Poligrafico e Zecca dello Stato. I tempi di emissione non dipendono pertanto da questo Consolato;<\/p>\n<p style=\"text-align: justify;\">&#8211;\u00a0\u00a0\u00a0\u00a0\u00a0 La richiesta di C.I.E. pu\u00f2 essere effettuata solo se non si e\u2019 in possesso di alcuna Carta di Identit\u00e0 Elettronica (possesso della sola Carta di Identit\u00e0\u2019 cartacea, prima emissione, smarrimento o furto) o in caso di C.I.E. in scadenza nel periodo di 6 mesi dalla data della richiesta.<\/p>\n<p>&nbsp;<\/p>\n<p style=\"text-align: center;\"><strong>\u00a0<\/strong><strong>REQUISITI\u00a0<u>OBBLIGATORI<\/u>\u00a0PER RICHIEDERE LA CARTA D\u2019IDENTIT\u00c0 ELETTRONICA<\/strong><\/p>\n<p>Ai fini dell\u2019emissione della C.I.E \u00e8 i<u>ndispensabile<\/u>\u00a0che il richiedente:<\/p>\n<ul>\n<li style=\"text-align: justify;\">Sia iscritto all&#8217;AIRE del proprio comune di competenza e risulti residente nella circoscrizione consolare di questo Consolato;<\/li>\n<li style=\"text-align: justify;\">In caso di cittadini nati all\u2019estero, l\u2019atto di nascita sia stato trascritto in Italia, in quanto gli estremi della trascrizione devono essere riportati sulla C.I.E.;<\/li>\n<li style=\"text-align: justify;\">Disponga di Codice Fiscale. Chi non \u00e8 in possesso del Codice fiscale \u00e8 invitato a consultare l\u2019 apposite sezione Codice Fiscale di questo sito <a href=\"https:\/\/conschicago.esteri.it\/it\/servizi-consolari-e-visti\/servizi-per-il-cittadino-italiano\/codice-fiscale\/\">https:\/\/conschicago.esteri.it\/it\/servizi-consolari-e-visti\/servizi-per-il-cittadino-italiano\/codice-fiscale\/<\/a><\/li>\n<li style=\"text-align: justify;\">Abbia aggiornato la sua posizione negli schedari consolari nel caso di cambio d\u2019indirizzo, variazione dello stato civile. Per opportune verifiche o registrazioni\/aggiornamenti si\u00a0\u00a0rimanda alle sezioni di questo sito web. In particolare\n<ul>\n<li style=\"list-style-type: none;\">\n<ul>\n<li>si invita ad utilizzare il sistema <a href=\"https:\/\/conschicago.esteri.it\/en\/italia-e-chicago\/cooperazione-allo-sviluppo\/fast-it\/\">FastIT<\/a> che consente di visualizzare la propria posizione nello schedario consolare. Lo stesso sistema consente l\u2019 aggiornamento del proprio indirizzo di residenza <a href=\"https:\/\/conschicago.esteri.it\/it\/servizi-consolari-e-visti\/servizi-per-il-cittadino-italiano\/anagrafe-degli-italiani-residenti-allestero-aire\/variazione-indirizzo-e-rimpatrio\/\">(https:\/\/conschicago.esteri.it\/it\/servizi-consolari-e-visti\/servizi-per-il-cittadino-italiano\/anagrafe-degli-italiani-residenti-allestero-aire\/variazione-indirizzo-e-rimpatrio\/)<\/a><\/li>\n<li>si rimanda alla sezione Stato Civile (<a href=\"https:\/\/conschicago.esteri.it\/it\/servizi-consolari-e-visti\/servizi-per-il-cittadino-italiano\/stato-civile\/\">https:\/\/conschicago.esteri.it\/it\/servizi-consolari-e-visti\/servizi-per-il-cittadino-italiano\/stato-civile\/<\/a>) per la registrazione degli atti di stato civile (matrimonio, divorzio,\u00a0nascita figli minori, \u2026)<\/li>\n<\/ul>\n<\/li>\n<\/ul>\n<\/li>\n<\/ul>\n<p><strong>\u00a0<\/strong><\/p>\n<p style=\"text-align: center;\"><strong>MODALIT\u00c0 DI RICHIESTA APPUNTAMENTO PER RICHIESTA CARTA DI IDENTITA\u2019 ELETTRONICA\u00a0<\/strong><\/p>\n<p style=\"text-align: justify;\">Per richiedere il rilascio della C.I.E. \u00e8 necessario che l\u2019 interessato si presenti di persona al consolato previa prenotazione di appuntamento da fissare utilizzando la piattaforma\u00a0<a href=\"https:\/\/prenotami.esteri.it\/\">Prenot@mi<\/a>, servizio Documenti di Viaggio\/ Carta di identit\u00e0.<\/p>\n<p style=\"text-align: justify;\">Si prega di inserire nel campo note i dati relative al richiedente il documento, se diversi dall\u2019utente registrato, al momento in cui si effettua la prenotazione dell\u2019appuntamento.<\/p>\n<p style=\"text-align: justify;\">In caso di richiesta per minore, il genitore dovr\u00e0 creare l\u2019 account sul sistema di prenotazione ed inserire i dati del minore nel campo note.<\/p>\n<p style=\"text-align: justify;\"><span style=\"text-decoration: underline;\">Si raccomanda alle donne coniugate di inserire le generalit\u00e0 anagrafiche da nubile<\/span> (come risultano dall\u2019atto di nascita).<\/p>\n<p style=\"text-align: justify;\"><span style=\"text-decoration: underline;\"><strong>L\u2019appuntamento e\u2019 singolo e personale.<\/strong><\/span><\/p>\n<p style=\"text-align: justify;\"><strong>\u00a0<\/strong><\/p>\n<p style=\"text-align: center;\"><strong>\u00a0********* ATTENZIONE! **********<br \/>\n<\/strong><\/p>\n<p style=\"text-align: justify;\">Nel caso in cui, a seguito di verifiche, emergessero motivi ostativi al rilascio della C.I.E. (vedere sezione requisiti obbligatori) sar\u00e0 cura di questo ufficio informare l\u2019interessato anche al fine della cancellazione dell\u2019appuntamento.<\/p>\n<p>&nbsp;<\/p>\n<p style=\"text-align: center;\"><strong>DOCUMENTAZIONE RICHIESTA PER IL RILASCIO DELLA CARTA D\u2019IDENTIT\u00c0 ELETTRONICA<\/strong><\/p>\n<ul>\n<li>Una fototessera formato passaporto;<\/li>\n<li>Documento di riconoscimento italiano (anche se scaduto) o presenza di due testimoni;<\/li>\n<li>Precedente Carta d\u2019Identit\u00e0 (anche cartacea), se gi\u00e0 in possesso;<\/li>\n<li>Denuncia di smarrimento o furto in caso di precedente C.I.E. smarrita o rubata;<\/li>\n<li style=\"text-align: justify;\">Permanent Residence \u201cgreen Card\u201d valida o visto valido per il soggiorno negli U.S.A.;Se trattasi di un cittadino naturalizzato statunitense, copia del certificato di naturalizzazione; Se trattasi di cittadino nato americano una copia del passaporto americano;<\/li>\n<li style=\"text-align: justify;\">In caso di richiesta per minori, presenza di entrambi I genitori o <strong><a href=\"https:\/\/conschicago.esteri.it\/wp-content\/uploads\/2023\/12\/Atto-di-assenso-CIE.pdf\">atto di\u00a0assenso<\/a><\/strong>\u00a0 per genitore\/genitori non presenti;<\/li>\n<li>Diritti consolari, da corrispondersi in contanti (esatti) o con money order o cashier\u2019s check intestati a Consulate of Italy in Chicago per l\u2019importo di\n<ul>\n<li style=\"text-align: justify;\">$<strong>25.80<\/strong> per primo rilascio o C.I.E. in scadenza<\/li>\n<li style=\"text-align: justify;\">$<strong>31.80 <\/strong>per duplicato in caso di furto o smarrimento<\/li>\n<\/ul>\n<\/li>\n<\/ul>\n<p>(tariffe dal 1 aprile fino al 30 giugno 2026).<\/p>\n<p><strong>\u00a0<\/strong><\/p>\n<p style=\"text-align: center;\"><strong>SPEDIZIONE DELLA CARTA D\u2019IDENTIT\u00c0 ELETTRONICA<\/strong><\/p>\n<p style=\"text-align: justify;\">Come indicato, la C.I.E.\u00a0<strong>non viene rilasciata il giorno dell\u2019appuntamento<\/strong>: sar\u00e0 invece inviata dall\u2019Italia a cura dell\u2019Istituto Poligrafico e Zecca dello Stato, direttamente all\u2019indirizzo indicato dal richiedente.<\/p>\n<p>In caso di mancata consegna per indirizzo errato o di esaurimento del periodo di giacenza presso l\u2019ufficio postale, il plico viene restituito al Consolato per ulteriori tentativi di consegna.<\/p>\n<p>&nbsp;<\/p>\n<p><span style=\"text-decoration: underline;\"><em><strong>FAQ<\/strong><\/em><\/span><\/p>\n<ol>\n<li><strong>A chi pu\u00f2 essere rilasciata la Carta d\u2019Identit\u00e0 Elettronica?<\/strong><\/li>\n<\/ol>\n<p style=\"text-align: justify;\">Il Consolato pu\u00f2 ricevere richieste di rilascio della C.I.E.\u00a0esclusivamente dai cittadini italiani regolarmente residenti in questa circoscrizione consolare\u00a0con iscrizione AIRE completa.<br \/>\nNel caso si sia cambiato indirizzo di residenza (rispetto a quello comunicato in precedenza all\u2019Ufficio consolare), \u00e8 necessario chiedere la variazione di indirizzo tramite il portale FastIT ( <a href=\"https:\/\/serviziconsolarionline.esteri.it\/\">https:\/\/serviziconsolarionline.esteri.it<\/a>)\u00a0prima di procedere alla prenotazione per la C.I.E.<\/p>\n<p>&nbsp;<\/p>\n<ol start=\"2\">\n<li><strong>Quando si pu\u00f2 richiedere?<\/strong><\/li>\n<\/ol>\n<p>La C.I.E. viene rilasciata:<\/p>\n<ul>\n<li>in sostituzione di una Carta d\u2019Identit\u00e0 cartacea valida;<\/li>\n<li>a chi non sia in possesso di un\u2019altra Carta d\u2019Identit\u00e0 valida;<\/li>\n<li>in caso di furto, smarrimento o deterioramento della C.I.E. precedente.<\/li>\n<\/ul>\n<p>&nbsp;<\/p>\n<ol start=\"3\">\n<li><strong>Come si richiede la Carta d\u2019Identit\u00e0 Elettronica?<\/strong><\/li>\n<\/ol>\n<p>La richiesta della C.I.E. deve essere fatta di persona presso la sede del Consolato previo appuntamento da fissare utilizzando esclusivamente la piattaforma\u00a0<a href=\"https:\/\/prenotami.esteri.it\/\">Prenot@mi<\/a>, servizio Documenti di Viaggio\/ Carta di identit\u00e0.<\/p>\n<p>&nbsp;<\/p>\n<ol start=\"4\">\n<li><strong>Quali sono le operazioni che saranno effettuate il giorno dell\u2019appuntamento?<\/strong><\/li>\n<\/ol>\n<p>Il giorno dell\u2019appuntamento, l\u2019operatore consolare acquisisce la documentazione, effettua il riconoscimento e la verifica della foto ed acquisisce le impronte digitali e la firma (salvo per i minori di anni 12).<\/p>\n<p>&nbsp;<\/p>\n<ol start=\"5\">\n<li><strong>Come si riceve la Carta d\u2019Identit\u00e0 Elettronica?<\/strong><\/li>\n<\/ol>\n<p>La C.I.E. \u00e8 emessa dal Ministero dell\u2019Interno e prodotta dall\u2019Istituto Poligrafico e Zecca dello Stato, che la spedisce, a mezzo posta, all\u2019indirizzo di residenza dichiarato dal richiedente.<\/p>\n<p>&nbsp;<\/p>\n<ol start=\"6\">\n<li><strong>Quanto tempo vale la Carta d\u2019Identit\u00e0 Elettronica?<\/strong><\/li>\n<\/ol>\n<p>La validit\u00e0 della Carta d\u2019Identit\u00e0 varia a seconda dell\u2019et\u00e0 del titolare ed \u00e8 di:<\/p>\n<ul>\n<li>3 anni per i minori di et\u00e0 compresa tra 0 e 3 anni;<\/li>\n<li>5 anni per i minori di et\u00e0 compresa tra 4 e 18 anni;<\/li>\n<li>10 anni per persone di et\u00e0 superiore ai 18 anni.<\/li>\n<\/ul>\n<ol start=\"7\">\n<li><strong>Cos\u2019\u00e8 l\u2019atto di assenso?<\/strong><\/li>\n<\/ol>\n<p>L\u2019assenso per il rilascio della C.I.E. per minorenni \u00e8 necessario anche in caso di genitori non sposati, separati o divorziati.\u00a0Vedere le istruzioni di compilazione e firma sul modulo stesso<\/p>\n<p>&nbsp;<\/p>\n<ol start=\"8\">\n<li><strong>Devo chiedere una nuova\u00a0Carta d\u2019Identit\u00e0 se cambio indirizzo?<\/strong><\/li>\n<\/ol>\n<p>No. La Carta d\u2019Identit\u00e0 \u00e8 un documento di identit\u00e0 e non di residenza.<\/p>\n<p>&nbsp;<\/p>\n<ol start=\"9\">\n<li><strong>\u00c8 possibile per le donne sposate inserire il cognome del marito?<\/strong><\/li>\n<\/ol>\n<p>No. Non e\u2019 prevista l\u2019indicazione del cognome del coniuge, come invece possibile sulla 4\u00b0 pagina del passaporto<\/p>\n<p>&nbsp;<\/p>\n<ol start=\"10\">\n<li><strong>Posso richiedere la\u00a0Carta d\u2019Identit\u00e0\u00a0 Elettronica presso il mio Comune in Italia, anche se residente all\u2019estero?<\/strong><\/li>\n<\/ol>\n<p>Il connazionale dovr\u00e0 verificare questa circostanza con il Comune di riferimento in Italia.<\/p>\n<p style=\"text-align: center;\"><strong>\u00a0<\/strong><\/p>\n","protected":false},"excerpt":{"rendered":"Ufficio competente:\u00a0passaporti.chicago@esteri.it. Si prega di contattare l\u2019ufficio solo in caso di dubbi e dopo aver letto attentamente tutte le istruzioni contenute in questa pagina. Dal 18 dicembre 2023 verr\u00e0 avviata la sperimentazione del rilascio della Carta d\u2019Identit\u00e0 Elettronica per i cittadini italiani residenti nella nostra\u00a0circoscrizione consolare La nuova Carta d\u2019Identit\u00e0 Elettronica \u00e8 un documento multifunzionale: [&hellip;]","protected":false},"author":4,"featured_media":0,"parent":59,"menu_order":6,"comment_status":"closed","ping_status":"closed","template":"","meta":{"footnotes":""},"class_list":["post-702","page","type-page","status-publish","hentry"],"_links":{"self":[{"href":"https:\/\/conschicago.esteri.it\/it\/wp-json\/wp\/v2\/pages\/702","targetHints":{"allow":["GET"]}}],"collection":[{"href":"https:\/\/conschicago.esteri.it\/it\/wp-json\/wp\/v2\/pages"}],"about":[{"href":"https:\/\/conschicago.esteri.it\/it\/wp-json\/wp\/v2\/types\/page"}],"author":[{"embeddable":true,"href":"https:\/\/conschicago.esteri.it\/it\/wp-json\/wp\/v2\/users\/4"}],"replies":[{"embeddable":true,"href":"https:\/\/conschicago.esteri.it\/it\/wp-json\/wp\/v2\/comments?post=702"}],"version-history":[{"count":8,"href":"https:\/\/conschicago.esteri.it\/it\/wp-json\/wp\/v2\/pages\/702\/revisions"}],"predecessor-version":[{"id":5846,"href":"https:\/\/conschicago.esteri.it\/it\/wp-json\/wp\/v2\/pages\/702\/revisions\/5846"}],"up":[{"embeddable":true,"href":"https:\/\/conschicago.esteri.it\/it\/wp-json\/wp\/v2\/pages\/59"}],"wp:attachment":[{"href":"https:\/\/conschicago.esteri.it\/it\/wp-json\/wp\/v2\/media?parent=702"}],"curies":[{"name":"wp","href":"https:\/\/api.w.org\/{rel}","templated":true}]}}