{"id":539,"date":"2023-06-14T10:56:44","date_gmt":"2023-06-14T15:56:44","guid":{"rendered":"https:\/\/conschicago.esteri.it\/?page_id=539"},"modified":"2023-10-06T12:31:39","modified_gmt":"2023-10-06T17:31:39","slug":"cittadinanza-per-matriomonio-unione-civile","status":"publish","type":"page","link":"https:\/\/conschicago.esteri.it\/it\/servizi-consolari-e-visti\/servizi-per-il-cittadino-straniero\/cittadinanza\/cittadinanza-per-matriomonio-unione-civile\/","title":{"rendered":"Cittadinanza per matrimonio \/ unione civile"},"content":{"rendered":"<p>Le modalit\u00e0 di presentazione della domanda variano a seconda della data del matrimonio\/unione civile:<\/p>\n<p style=\"text-align: justify;\"><strong>PRIMO CASO<\/strong>:\u00a0Solo per donne: matrimonio di donna straniera con cittadino italiano\u00a0<em>avvenuto entro il 27 aprile 1983<\/em>, in questo caso \u00e8 necessario prendere un appuntamento online tramite il portale <a href=\"https:\/\/prenotami.esteri.it\/\"><strong>Prenot@mi<\/strong><\/a> e recarsi personalmente in Consolato per presentare l\u2019istanza. Documentazione necessaria: passaporto, patente di guida e bolletta utenza, in originale ed in fotocopia. Certificato di nascita con Apostille e traduzione in italiano. Pagamento della Tariffa consolare art. 07\/B (vedasi tra i link in evidenza sulla Home Page) da corrispondere per mezzo di Money order intestato al Consulate General of Italy.<\/p>\n<p style=\"text-align: justify;\"><strong>SECONDO CASO<\/strong>: matrimonio o unione civile con un\/a cittadino\/a italiano\/a\u00a0<em>avvenuto il o dopo il 28 aprile 1983<\/em>. Le istanze vanno presentate per via telematica. Per favore leggere attentamente le informazioni riportate qui di seguito.<\/p>\n<p>&nbsp;<\/p>\n<p><em><strong>1 &#8211; Cenni normativ<\/strong><\/em>i<\/p>\n<p style=\"text-align: justify;\">Coloro che richiedono la cittadinanza italiana per matrimonio o unione civile devono essere a conoscenza dei doveri nei confronti della Repubblica italiana, primi fra tutti l\u2019adesione ai valori nazionali e l\u2019irreprensibilit\u00e0 della condotta.<\/p>\n<p style=\"text-align: justify;\">L\u2019acquisto della cittadinanza italiana da parte del coniuge straniero o apolide che abbia contratto matrimonio con cittadino italiano a partire dal 27 aprile 1983 \u00e8 attualmente regolato dalla Legge 5 febbraio 1992 n. 91 (artt. 5, 6, 7 e 8) e successive modifiche.<\/p>\n<p style=\"text-align: justify;\">Le richieste di cittadinanza italiana possono essere presentate anche da parte del cittadino o della cittadina stranieri che hanno costituito un\u2019unione civile con cittadino\/a italiano\/a trascritta nei registri dello stato civile del Comune italiano (D. Lgs. 5, 6 e 7\/ 2017).<\/p>\n<p style=\"text-align: justify;\">Il coniuge\/parte dell\u2019unione civile straniero pu\u00f2 acquistare la cittadinanza italiana su domanda, in presenza dei requisiti stabiliti dalla normativa vigente, come spiegato nelle sezioni successive.<\/p>\n<p>Riferimenti normativi:<\/p>\n<p>Legge N.123 del 21 aprile 1983<\/p>\n<p>Legge N. 91 del 5 febbraio 1992<\/p>\n<p>Decreti legislativi N. 5, 6 e 7 del 19 gennaio 2017<\/p>\n<p>Decreto Legge N. 113 del 4 ottobre 2018 (decreto sicurezza), convertito dalla Legge N.132 del 1 dicembre 2018<\/p>\n<p>Decreto Legge N. 130 del 21 ottobre 2020, convertito dalla Legge N. 173 del 18 dicembre 2020<\/p>\n<p>&nbsp;<\/p>\n<p><strong>2 &#8211; Requisiti per la richiesta della cittadinanza<\/strong><\/p>\n<p><em>Residenza nella circoscrizione consolare<\/em>:<\/p>\n<ul>\n<li>Il richiedente\u00a0dovr\u00e0 indirizzare la domanda alla Rappresentanza diplomatico-consolare competente per la sua residenza;<\/li>\n<li style=\"text-align: justify;\">Il coniuge\/parte dell\u2019unione civile di nazionalit\u00e0 italiana deve essere residente e regolarmente iscritto all\u2019anagrafe degli italiani residenti all\u2019estero (A.I.R.E.) della circoscrizione consolare di competenza e convivente allo stesso indirizzo del richiedente la cittadinanza. In caso contrario, dovr\u00e0 fornire documentazione comprovante la motivazione (es. lavoro, scolarit\u00e0 dei figli, cure mediche o altro), che determina o ha determinato la necessit\u00e0 di domicilio disgiunto;<\/li>\n<li style=\"text-align: justify;\">Termini di presentazione: la domanda pu\u00f2 essere presentata tre anni dopo il matrimonio\/unione civile se il coniuge \u00e8 cittadino italiano iure sanguinis; in caso di naturalizzazione avvenuta dopo il matrimonio, i tre anni decorrono dalla data della naturalizzazione del coniuge. I tre anni vengono ridotti a un anno e mezzo in presenza di figli minori nati o adottati dai coniugi;<\/li>\n<li>Trascrizione del matrimonio\/unione civile: se avvenuti all&#8217;estero, devono essere stati trascritti presso il Comune in Italia;<\/li>\n<li style=\"text-align: justify;\">Validit\u00e0 del matrimonio\/unione civile e stabilit\u00e0 del vincolo di coniugio\/unione civile fino all\u2019adozione del provvedimento di concessione della cittadinanza. Al fine del conferimento della cittadinanza italiana, alla data di adozione del decreto non devono essere intervenuti lo scioglimento, l\u2019annullamento o la cessazione degli effetti civili del matrimonio\/unione civile.<\/li>\n<li style=\"text-align: justify;\">Assenza\u00a0di sentenze di condanna da parte delle Autorit\u00e0 giudiziarie italiane per reati per i quali sia prevista una pena superiore a tre anni di reclusione;<\/li>\n<li style=\"text-align: justify;\">Assenza\u00a0di sentenze di condanna da parte delle Autorit\u00e0 giudiziarie straniere ad una pena superiore ad un anno per reati non politici;<\/li>\n<li>Assenza\u00a0di condanne per delitti contro la personalit\u00e0 dello Stato;<\/li>\n<li>Assenza\u00a0di motivi ostativi per la sicurezza della Repubblica;<\/li>\n<li><strong>Conoscenza della lingua italiana non inferiore a livello B1<\/strong>\u00a0del Quadro Comune Europeo di Riferimento (QCER).<\/li>\n<li>Pagamento delle tasse e percezioni indicate nella sezione documenti e costi.<\/li>\n<\/ul>\n<p><em><strong>3 &#8211; Documenti necessari per la richiesta di cittadinanza<\/strong><\/em><\/p>\n<p style=\"text-align: justify;\"><strong>1<\/strong>. Estratto dell\u2019atto di nascita o equivalente: in originale, rilasciato possibilmente da non oltre sei mesi dal Paese in cui si \u00e8 nati, completo di tutte le generalit\u00e0 (incluse paternit\u00e0 e maternit\u00e0), debitamente legalizzato\/apostillato e tradotto in lingua italiana.<\/p>\n<p style=\"text-align: justify;\">Il certificato di nascita deve essere richiesto in &#8220;long form&#8221; o \u201cfull form\u201d, e deve menzionare sia la citt\u00e0 di nascita che il nome dei genitori. L&#8217;Apostille va richiesta al \u201cSecretary of State\u201d competente e non va tradotta. La traduzione del certificato di nascita deve essere previamente certificata conforme da questo Consolato, a seguito del pagamento della prevista tariffa consolare. Per richiedere la certificazione di conformit\u00e0 della traduzione, la documentazione va inviata a questo Consolato Generale insieme ad un Money order in USD di importo pari alla tariffa consolare vigente (vedasi Tariffe consolari art. 72\/A) e ad una busta preaffrancata per la restituzione. Il money order deve essere intestato al \u201cConsulate General of Italy in Chicago\u201d.<\/p>\n<p style=\"text-align: justify;\">Se il certificato di nascita \u00e8 rilasciato da un Paese diverso dagli Stati Uniti, sia il certificato che la traduzione dovranno essere certificati dal Consolato o Ambasciata italiani competenti per quel Paese, a meno che la legalizzazione possa essere effettuata mediante \u201cApostille\u201d. (Si consiglia di consultare i siti degli uffici consolari italiani nel Paese di emissione del certificato).<\/p>\n<p style=\"text-align: justify;\"><strong>2<\/strong>. Certificato Penale del Paese di origine e degli eventuali Paesi terzi di residenza (a partire dai 14 anni d\u2019et\u00e0) &#8211; tranne l\u2019Italia \u2013 e dei Paesi di cui si possiede la cittadinanza, in originale, rilasciato non oltre sei mesi prima della presentazione della domanda, debitamente legalizzato\/apostillato e tradotto in lingua italiana.<\/p>\n<p>Per i residenti negli Stati Uniti d\u2019America, i certificati penali richiesti sono:<\/p>\n<p><strong>1<\/strong>. Quello del Paese o Stato USA di nascita;<\/p>\n<p><strong>2<\/strong>. Quelli di tutti i Paesi e\/o Stati USA dove si \u00e8 risieduto dall\u2019et\u00e0 di 14 anni in poi;<\/p>\n<p style=\"text-align: justify;\"><strong>3<\/strong>. Certificato penale Federale, rilasciato dal \u201cFederal Bureau of Investigation, CJIS Division\u201d, per il quale l\u2019Apostille deve essere rilasciata dal dipartimento di Stato di Washington DC.<\/p>\n<p style=\"text-align: justify;\">La traduzione dei certificati penali deve essere previamente certificata conforme da questo Consolato (vedasi le modalit\u00e0 descritte per la certificazione della traduzione dei certificati di nascita). I certificati penali US vanno richiesti alla \u201cState Police\u201d (non County o City) dello Stato e devono recare l\u2019Apostille dello Stato competente.<\/p>\n<p style=\"text-align: justify;\">I certificati penali devono contenere tutti i nomi e cognomi dell\u2019interessato\/a, incluso cognomi da nubile\/celibe ed eventuali AKA.<\/p>\n<p style=\"text-align: justify;\">Se il certificato penale \u00e8 stato emesso da un Paese diverso dagli Stati Uniti, sia il certificato che la traduzione dovranno essere legalizzati dal Consolato\/Ambasciata italiano\/a competente a meno che lo stesso non abbia l&#8217;Apostille sia sul certificato che sulla traduzione.<\/p>\n<p><strong>3<\/strong>. Versamento del contributo di euro 250,00 a favore del Ministero dell\u2019Interno.<\/p>\n<p style=\"text-align: justify;\"><strong>4<\/strong>. Documento di identit\u00e0: fotocopia del passaporto in corso di validit\u00e0 (pagine con i dati personali, fotografia, date di rilascio e scadenza).<\/p>\n<p style=\"text-align: justify;\"><strong>5<\/strong>. Copia integrale dell\u2019atto di matrimonio o estratto per riassunto del registro dei matrimoni, da richiedere al competente Comune italiano in cui l\u2019atto risulta trascritto, rilasciato da non oltre sei mesi prima dell\u2019istanza.<\/p>\n<p><strong>NOTA BENE<\/strong>: Qualora il richiedente sia un cittadino UE, potr\u00e0 avvalersi dell\u2019autocertificazione al posto dell\u2019atto di matrimonio (DPR 445\/2000)<\/p>\n<p style=\"text-align: justify;\"><strong>6<\/strong>. Certificato di conoscenza della lingua italiana non inferiore al livello B1 del Quadro Comune Europeo di Riferimento (QCER) o titolo di studio rilasciato da un istituto di istruzione pubblico o paritario riconosciuto dal Ministero dell\u2019Istruzione, dell\u2019Universit\u00e0 e della Ricerca e dal Ministero degli Affari Esteri e della Cooperazione internazionale.<\/p>\n<p style=\"text-align: justify;\">Gli enti certificatori CLIQ (Certificazione Lingua Italiana di Qualit\u00e0) &#8211; eventualmente in regime di collaborazione con i locali istituti italiani di cultura \u2013 sono esclusivamente l\u2019Universit\u00e0 per stranieri di Siena, l\u2019Universit\u00e0 per stranieri di Perugia, l\u2019Universit\u00e0 Roma Tre e la Societ\u00e0 Dante Alighieri<\/p>\n<p><em>Non sono tenuti alla presentazione del titolo di conoscenza della lingua italiana<\/em>:<\/p>\n<p style=\"text-align: justify;\"><strong>1<\/strong>.Gli stranieri (anche se residenti all\u2019estero) che abbiano sottoscritto l\u2019accordo di integrazione di cui all\u2019art. 4 bis del d.lgs. n. 286\/1998 Testo Unico Immigrazione<\/p>\n<p style=\"text-align: justify;\"><strong>2<\/strong>.I titolari di permesso di soggiorno UE (o CE) per soggiornanti di lungo periodo di cui all\u2019articolo 9 del medesimo testo unico<\/p>\n<p style=\"text-align: justify;\">L&#8217;Istituto Italiano di Cultura di Chicago offre corsi di preparazione alla certificazione richiesta. Per maggiori informazioni si prega di consultare il sito web dell&#8217;Istituto\u00a0<a href=\"https:\/\/iicchicago.esteri.it\/iic_chicago\/it\/\">https:\/\/iicchicago.esteri.it\/iic_chicago\/it\/<\/a><\/p>\n<p><em><strong>4 &#8211; Procedura<\/strong><\/em><\/p>\n<p><em>FASE 1 \u2013 REGISTRAZIONE<\/em><\/p>\n<p style=\"text-align: justify;\">Il richiedente dovr\u00e0 effettuare la registrazione sul portale del Ministero dell\u2019Interno\u00a0<strong><a href=\"https:\/\/www.interno.gov.it\/it\/temi\/cittadinanza-e-altri-diritti-civili\/cittadinanza\/cittadinanza-invia-tua-domanda\">https:\/\/www.interno.gov.it\/it\/temi\/cittadinanza-e-altri-diritti-civili\/cittadinanza\/cittadinanza-invia-tua-domanda<\/a>\u00a0<\/strong><\/p>\n<p style=\"text-align: justify;\">Si precisa che l\u2019indirizzo email dichiarato sul portale in fase di inoltro della domanda on line costituisce domicilio eletto (art. 47 c.c.); si rende pertanto necessaria una frequente consultazione della propria email in quanto tutte le comunicazioni relative alla domanda di cittadinanza, ivi comprese richieste di integrazione documentale, convocazioni, notifiche di provvedimenti, ecc. avverranno UNICAMENTE tramite canale informatico.<\/p>\n<p><em>FASE 2 \u2013 INSERIMENTO ISTANZA (Modello AE)<\/em><\/p>\n<p style=\"text-align: justify;\">Una volta registrato, il richiedente potr\u00e0 procedere alla compilazione della domanda \u201conline\u201d e all\u2019inserimento di tutti i documenti richiesti sull\u2019apposito portale del Ministero dell\u2019Interno:\u00a0<strong><a href=\"https:\/\/portaleserviziapp.dlci.interno.it\/\">https:\/\/portaleserviziapp.dlci.interno.it<\/a><\/strong><\/p>\n<p>Qualsiasi domanda di carattere tecnico o di contenuto relativa all\u2019istanza online dovr\u00e0 essere risolta rivolgendosi direttamente al Ministero dell\u2019Interno che ha predisposto un servizio di assistenza con FAQ e HelpDesk dedicati.<\/p>\n<p>Attenzione:\u00a0<strong>NOTE PER LA COMPILAZIONE DELLA DOMANDA ONLINE<\/strong>:<\/p>\n<p>&#8211; nel modulo di registrazione vanno inseriti DATA E LUOGO DI NASCITA cos\u00ec come indicati nell\u2019atto di nascita.<\/p>\n<p style=\"text-align: justify;\">&#8211; vanno riportate le GENERALIT\u00c0 indicate in atti e documenti formati all\u2019estero dalle competenti autorit\u00e0 straniere. In caso di discordanze, fornire documentazione giustificativa.<\/p>\n<p style=\"text-align: justify;\">Si considerano valide solo le variazioni di nome intervenute dopo sentenze di cambio nome e\/o debitamente annotate sul certificato di nascita. Il cambio di nome in seguito al matrimonio, consuetudine negli Stati Uniti, non pu\u00f2 essere considerato.<\/p>\n<p>&#8211; specificare nell&#8217;istanza l&#8217;eventuale presenza di figli minori del\/della richiedente, nati da una precedente relazione<\/p>\n<p><em>FASE 3 \u2013 VERIFICA CONSOLARE<\/em><\/p>\n<p style=\"text-align: justify;\">L\u2019Ufficio Consolare sar\u00e0 automaticamente informato della presentazione della domanda e proceder\u00e0 alle necessarie VERIFICHE.<\/p>\n<p style=\"text-align: justify;\">Il richiedente ricever\u00e0 quindi, in modalit\u00e0 telematica tramite il portale del Ministero dell\u2019Interno, una comunicazione relativa all\u2019accettazione o al motivo dell\u2019inammissibilit\u00e0.<\/p>\n<p style=\"text-align: justify;\">In caso di accettazione della domanda, il richiedente sar\u00e0 convocato, per via telematica, presso la Rappresentanza diplomatico-consolare per l\u2019autentica della firma apposta sulla domanda di cittadinanza, per la consegna di tutta la documentazione cartacea IN ORIGINALE, ivi compresa quella gi\u00e0 trasmessa per via telematica tramite il Portale, per la riscossione o verifica dell\u2019avvenuto pagamento delle percezioni consolari previste.<\/p>\n<p style=\"text-align: justify;\">Tutta la documentazione di cui sopra sar\u00e0 conservata in originale dalla Rappresentanza diplomatico-consolare, ad eccezione del passaporto e del certificato linguistico, per i quali verr\u00e0 effettuata una copia conforme con relativi pagamenti.<\/p>\n<p><em>FASE 4 \u2013 VALUTAZIONE e TERMINI DEL PROCEDIMENTO<\/em><\/p>\n<p style=\"text-align: justify;\">La valutazione della domanda e la definizione del procedimento sono di esclusiva competenza del Ministero dell\u2019Interno: 24 mesi dalla data di presentazione della domanda, &#8211; prorogabili fino al massimo di 36 mesi \u2013 per le istanze di cittadinanza presentate a partire dal 20 dicembre 2020 (data di entrata in vigore della L. 18 dicembre 2020 n.173). Qualora al termine della valutazione della pratica il procedimento si concluda positivamente, il Ministero dell\u2019Interno invier\u00e0 il Decreto di conferimento di cittadinanza italiana alla Rappresentanza diplomatico-consolare competente per residenza dell\u2019interessato\/a.<\/p>\n<p><em>FASE 5 \u2013 DECRETO, NOTIFICA E GIURAMENTO<\/em><\/p>\n<p style=\"text-align: justify;\">Il Decreto di conferimento della cittadinanza italiana verr\u00e0 notificato \u2013 tramite portale \u2013 con comunicazione indirizzata all\u2019email indicata dal richiedente in fase di registrazione. All\u2019atto della notifica verranno altres\u00ec richiesti documenti \u2013 previsti dalla normativa nazionale \u2013 volti a verificare la permanenza del vincolo coniugale. Tali documenti devono avere data successiva all\u2019adozione del decreto:<\/p>\n<p>\u25fe atto integrale di matrimonio o estratto per riassunto dell\u2019atto di matrimonio, rilasciato dal competente Comune italiano;<\/p>\n<p>\u25fe certificato penale del Paese di attuale residenza, debitamente legalizzato e tradotto (vedi sezione documenti);<\/p>\n<p style=\"text-align: justify;\">\u25fe certificato di esistenza in vita del coniuge\/parte civile dell\u2019unione civile, nel caso in cui non possa essere presente al giuramento.<\/p>\n<p style=\"text-align: justify;\">Alla data di adozione del decreto, quindi, non deve essere intervenuto lo scioglimento, l\u2019annullamento o la cessazione degli effetti civili del matrimonio o dell\u2019unione civile n\u00e9 la separazione personale (sentenza di separazione).<\/p>\n<p style=\"text-align: justify;\">Entro e non oltre sei mesi dalla notifica, l\u2019interessato verr\u00e0 convocato presso gli uffici consolari, per prestare giuramento di fedelt\u00e0 alla Repubblica e alle sue leggi.<\/p>\n<p>\u00c8 previsto il pagamento della marca da bollo sul decreto.<\/p>\n<p>La persona interessata prester\u00e0 giuramento di fedelt\u00e0 alla Repubblica italiana pronunciando le parole:<\/p>\n<p>\u201cGIURO DI ESSERE FEDELE ALLA REPUBBLICA E DI OSSERVARE LA COSTITUZIONE E LE LEGGI DELLO STATO\u201d<\/p>\n<p>Gli effetti del giuramento, ovvero l\u2019acquisto della cittadinanza italiana, saranno efficaci a partire dal giorno successivo a quello del giuramento.<\/p>\n<p>Il certificato di nascita originale sar\u00e0 inviato per la trascrizione al Comune italiano di riferimento insieme alla richiesta di iscrizione all\u2019AIRE e al verbale dell\u2019avvenuto giuramento.<\/p>\n<p>&nbsp;<\/p>\n<p><em><strong>5. Semplificazione amministrativa e costi<\/strong><\/em><\/p>\n<p style=\"text-align: justify;\">Se il richiedente \u00e8 un cittadino di un paese UE potr\u00e0 avvalersi dell\u2019autocertificazione per il possesso della cittadinanza italiana del coniuge\/parte dell\u2019unione civile, per il vincolo di coniugio\/unione civile con cittadino\/a italiano\/a e la composizione del nucleo familiare.<\/p>\n<p style=\"text-align: justify;\">Le informazioni, i dati e i documenti gi\u00e0 in possesso della Pubblica Amministrazione sono acquisite d\u2019ufficio, previa indicazione da parte dell\u2019interessato degli elementi indispensabili per il reperimento delle informazioni richieste (DPR 445\/2000).<\/p>\n<p style=\"text-align: justify;\">Costi:<\/p>\n<p style=\"text-align: justify;\">Contributo di euro 250,00 a favore del Ministero dell\u2019Interno, da effettuare esclusivamente sul conto corrente indicato dal Ministero dell\u2019Interno (ricevuta da inserire nella domanda online)<\/p>\n<p>\u201cMinistero dell\u2019Interno D.L.C.I Cittadinanza\u201d<br \/>\nNome della Banca e indirizzo: Poste Italiane S.p.A., Piazzale del Viminale, 00184 Roma;<br \/>\nCodice IBAN: IT54D0760103200000000809020<br \/>\nCausale del versamento: Richiesta cittadinanza per matrimonio ex art. 5 L. 91\/1992 e nome e cognome del richiedente<br \/>\nCodice BIC\/SWIFT di Poste Italiane: BPPIITRRXXX (per bonifici esteri);<br \/>\nCodice BIC\/SWIFT: PIBPITRA (per operazioni del circuito EUROGIRO).<\/p>\n<p><em>Ufficio Cittadinanza<\/em><br \/>\n<em>Consolato Generale d\u2019Italia<\/em><br \/>\n<em>500 North Michigan Avenue, Suite 1850<\/em><br \/>\n<em>e-mail\u00a0<a href=\"mailto:cittadinanza.chicago@esteri.it\">cittadinanza.chicago@esteri.it<\/a><\/em><\/p>\n","protected":false},"excerpt":{"rendered":"Le modalit\u00e0 di presentazione della domanda variano a seconda della data del matrimonio\/unione civile: PRIMO CASO:\u00a0Solo per donne: matrimonio di donna straniera con cittadino italiano\u00a0avvenuto entro il 27 aprile 1983, in questo caso \u00e8 necessario prendere un appuntamento online tramite il portale Prenot@mi e recarsi personalmente in Consolato per presentare l\u2019istanza. Documentazione necessaria: passaporto, patente [&hellip;]","protected":false},"author":4,"featured_media":0,"parent":96,"menu_order":3,"comment_status":"closed","ping_status":"closed","template":"","meta":{"footnotes":""},"class_list":["post-539","page","type-page","status-publish","hentry"],"_links":{"self":[{"href":"https:\/\/conschicago.esteri.it\/it\/wp-json\/wp\/v2\/pages\/539","targetHints":{"allow":["GET"]}}],"collection":[{"href":"https:\/\/conschicago.esteri.it\/it\/wp-json\/wp\/v2\/pages"}],"about":[{"href":"https:\/\/conschicago.esteri.it\/it\/wp-json\/wp\/v2\/types\/page"}],"author":[{"embeddable":true,"href":"https:\/\/conschicago.esteri.it\/it\/wp-json\/wp\/v2\/users\/4"}],"replies":[{"embeddable":true,"href":"https:\/\/conschicago.esteri.it\/it\/wp-json\/wp\/v2\/comments?post=539"}],"version-history":[{"count":1,"href":"https:\/\/conschicago.esteri.it\/it\/wp-json\/wp\/v2\/pages\/539\/revisions"}],"predecessor-version":[{"id":1738,"href":"https:\/\/conschicago.esteri.it\/it\/wp-json\/wp\/v2\/pages\/539\/revisions\/1738"}],"up":[{"embeddable":true,"href":"https:\/\/conschicago.esteri.it\/it\/wp-json\/wp\/v2\/pages\/96"}],"wp:attachment":[{"href":"https:\/\/conschicago.esteri.it\/it\/wp-json\/wp\/v2\/media?parent=539"}],"curies":[{"name":"wp","href":"https:\/\/api.w.org\/{rel}","templated":true}]}}