{"id":36,"date":"2023-04-03T19:15:47","date_gmt":"2023-04-03T17:15:47","guid":{"rendered":"https:\/\/consolatozurigo.esteri.it\/?page_id=36"},"modified":"2025-06-25T14:54:23","modified_gmt":"2025-06-25T19:54:23","slug":"gli-uffici","status":"publish","type":"page","link":"https:\/\/conschicago.esteri.it\/it\/chi-siamo\/gli-uffici\/","title":{"rendered":"Gli Uffici"},"content":{"rendered":"<p>Il Consolato e&#8217; aperto al pubblico dal Luned\u00ec al Venerd\u00ec dalle 9:00 alle 12:30 ed il gioved\u00ec pomeriggio dalle 14:00 alle 16:00<\/p>\n<p>&nbsp;<\/p>\n<p><strong>UFFICIO VISTI<\/strong><br \/>\n<a href=\"mailto:visti.chicago@esteri.it\">visti.chicago@esteri.it<\/a><br \/>\n(312) 995 5487<\/p>\n<p><strong>UFFICIO PASSAPORTI\/DOCUMENTI VIAGGIO\/NAVIGAZIONE<\/strong><br \/>\n<a href=\"mailto:passaporti.chicago@esteri.it\">passaporti.chicago@esteri.it<\/a><br \/>\n(312) 995 5485<\/p>\n<p><strong>UFFICIO AIRE<\/strong><br \/>\n<a href=\"mailto:anagrafe.chicago@esteri.it\">anagrafe.chicago@esteri.it<\/a><br \/>\n(312) 995 5485<\/p>\n<p><strong>UFFICIO ELETTORALE<\/strong><br \/>\n<a href=\"mailto:elettorale.chicago@esteri.it\">elettorale.chicago@esteri.it<\/a><br \/>\n(312) 995 5485<strong>\u00a0<\/strong><\/p>\n<p><strong>UFFICIO STATO CIVILE<\/strong><br \/>\n<a href=\"mailto:chicago.statciv@esteri.it\">chicago.statciv@esteri.it<\/a><br \/>\n(312) 995 5485<\/p>\n<p><strong>UFFICIO CITTADINANZA<\/strong><br \/>\n<a href=\"mailto:cittadinanza.chicago@esteri.it\">cittadinanza.chicago@esteri.it<\/a><br \/>\n(312) 995 5484<\/p>\n<p><strong>UFFICIO STUDENTI\/CODICI FISCALI\/EQUIPOLLENZA TITOLI DI STUDIO\/ COMMERCIALE<\/strong><br \/>\n<a href=\"mailto:segreteria.chicago@esteri.it\">commerciale.chicago@esteri.it<\/a><br \/>\n(312) 995 5490<\/p>\n<p><strong>UFFICIO NOTARILE<\/strong><br \/>\n<a href=\"mailto:legale.chicago@esteri.it\">legale.chicago@esteri.it<\/a><br \/>\n(312) 995 5483<\/p>\n<p><strong>UFFICIO SCUOLA<br \/>\nProf.ssa Marina LENZA<\/strong><br \/>\n<a href=\"mailto:marina.lenza@esteri.it\">marina.lenza@esteri.it<\/a><br \/>\n<a href=\"mailto:scuola.chicago@esteri.it\">scuola.chicago@esteri.it<\/a><br \/>\n(312) 995 5489<\/p>\n<p><strong>UFFICIO SCIENTIFICO<br \/>\n<a href=\"https:\/\/www.esteri.it\/wp-content\/uploads\/2023\/10\/Alecci-CV-MAECI-2023-09-25.pdf\">Prof. Marcello ALECCI<\/a><br \/>\n<\/strong><a href=\"mailto:marcello.alecci@esteri.it\">marcello.alecci@esteri.it<\/a><strong><br \/>\n<\/strong><a href=\"mailto:chicago.scienza@esteri.it\">chicago.scienza@esteri.it<\/a><br \/>\n(312) 995 5484<\/p>\n","protected":false},"excerpt":{"rendered":"Il Consolato e&#8217; aperto al pubblico dal Luned\u00ec al Venerd\u00ec dalle 9:00 alle 12:30 ed il gioved\u00ec pomeriggio dalle 14:00 alle 16:00 &nbsp; UFFICIO VISTI visti.chicago@esteri.it (312) 995 5487 UFFICIO PASSAPORTI\/DOCUMENTI VIAGGIO\/NAVIGAZIONE passaporti.chicago@esteri.it (312) 995 5485 UFFICIO AIRE anagrafe.chicago@esteri.it (312) 995 5485 UFFICIO ELETTORALE elettorale.chicago@esteri.it (312) 995 5485\u00a0 UFFICIO STATO CIVILE chicago.statciv@esteri.it (312) 995 5485 [&hellip;]","protected":false},"author":1,"featured_media":0,"parent":13,"menu_order":6,"comment_status":"closed","ping_status":"closed","template":"","meta":{"footnotes":""},"class_list":["post-36","page","type-page","status-publish","hentry"],"_links":{"self":[{"href":"https:\/\/conschicago.esteri.it\/it\/wp-json\/wp\/v2\/pages\/36","targetHints":{"allow":["GET"]}}],"collection":[{"href":"https:\/\/conschicago.esteri.it\/it\/wp-json\/wp\/v2\/pages"}],"about":[{"href":"https:\/\/conschicago.esteri.it\/it\/wp-json\/wp\/v2\/types\/page"}],"author":[{"embeddable":true,"href":"https:\/\/conschicago.esteri.it\/it\/wp-json\/wp\/v2\/users\/1"}],"replies":[{"embeddable":true,"href":"https:\/\/conschicago.esteri.it\/it\/wp-json\/wp\/v2\/comments?post=36"}],"version-history":[{"count":6,"href":"https:\/\/conschicago.esteri.it\/it\/wp-json\/wp\/v2\/pages\/36\/revisions"}],"predecessor-version":[{"id":4659,"href":"https:\/\/conschicago.esteri.it\/it\/wp-json\/wp\/v2\/pages\/36\/revisions\/4659"}],"up":[{"embeddable":true,"href":"https:\/\/conschicago.esteri.it\/it\/wp-json\/wp\/v2\/pages\/13"}],"wp:attachment":[{"href":"https:\/\/conschicago.esteri.it\/it\/wp-json\/wp\/v2\/media?parent=36"}],"curies":[{"name":"wp","href":"https:\/\/api.w.org\/{rel}","templated":true}]}}