{"id":1055,"date":"2023-08-10T12:17:24","date_gmt":"2023-08-10T17:17:24","guid":{"rendered":"https:\/\/conschicago.esteri.it\/?page_id=1055"},"modified":"2026-01-07T13:26:55","modified_gmt":"2026-01-07T18:26:55","slug":"festivita-osservate","status":"publish","type":"page","link":"https:\/\/conschicago.esteri.it\/it\/chi-siamo\/gli-uffici\/festivita-osservate\/","title":{"rendered":"Festivita&#8217; osservate"},"content":{"rendered":"<p>Nel corso del <strong>2026<\/strong> gli Uffici del Consolato Generale saranno chiusi per le seguenti festivit\u00e0:<\/p>\n<p>&nbsp;<\/p>\n<table class=\"table\" style=\"height: 334px;\" border=\"0\" width=\"471\">\n<tbody>\n<tr>\n<td>GIOVED\u00cc<\/td>\n<td>01 GENNAIO<\/td>\n<td>CAPODANNO<\/td>\n<\/tr>\n<tr>\n<td>LUNED\u00cc<\/td>\n<td>16 FEBBRAIO<\/td>\n<td>PRESIDENT&#8217;S DAY<\/td>\n<\/tr>\n<tr>\n<td>LUNED\u00cc<\/td>\n<td>6 APRILE<\/td>\n<td>LUNED\u00cc DELL&#8217;ANGELO<\/td>\n<\/tr>\n<tr>\n<td>LUNED\u00cc<\/td>\n<td>25 MAGGIO<\/td>\n<td>MEMORIAL DAY<\/td>\n<\/tr>\n<tr>\n<td>MARTED\u00cc<\/td>\n<td>2 GIUGNO<\/td>\n<td>FESTA DELLA REPUBBLICA<\/td>\n<\/tr>\n<tr>\n<td><\/td>\n<td><\/td>\n<td><\/td>\n<\/tr>\n<tr>\n<td>LUNED\u00cc<\/td>\n<td>7 SETTEMBRE<\/td>\n<td>LABOR DAY<\/td>\n<\/tr>\n<tr>\n<td>LUNED\u00cc<\/td>\n<td>12 OTTOBRE<\/td>\n<td>COLUMBUS DAY<\/td>\n<\/tr>\n<tr>\n<td>GIOVED\u00cc<\/td>\n<td>26 NOVEMBRE<\/td>\n<td>THANKSGIVING DAY<\/td>\n<\/tr>\n<tr>\n<td>VENERD\u00cc<\/td>\n<td>25 DICEMBRE<\/td>\n<td>NATALE<\/td>\n<\/tr>\n<tr>\n<td><\/td>\n<td><\/td>\n<td><\/td>\n<\/tr>\n<\/tbody>\n<\/table>\n<p>&nbsp;<\/p>\n","protected":false},"excerpt":{"rendered":"Nel corso del 2026 gli Uffici del Consolato Generale saranno chiusi per le seguenti festivit\u00e0: &nbsp; GIOVED\u00cc 01 GENNAIO CAPODANNO LUNED\u00cc 16 FEBBRAIO PRESIDENT&#8217;S DAY LUNED\u00cc 6 APRILE LUNED\u00cc DELL&#8217;ANGELO LUNED\u00cc 25 MAGGIO MEMORIAL DAY MARTED\u00cc 2 GIUGNO FESTA DELLA REPUBBLICA LUNED\u00cc 7 SETTEMBRE LABOR DAY LUNED\u00cc 12 OTTOBRE COLUMBUS DAY GIOVED\u00cc 26 NOVEMBRE THANKSGIVING [&hellip;]","protected":false},"author":4,"featured_media":0,"parent":36,"menu_order":0,"comment_status":"closed","ping_status":"closed","template":"","meta":{"footnotes":""},"class_list":["post-1055","page","type-page","status-publish","hentry"],"_links":{"self":[{"href":"https:\/\/conschicago.esteri.it\/it\/wp-json\/wp\/v2\/pages\/1055","targetHints":{"allow":["GET"]}}],"collection":[{"href":"https:\/\/conschicago.esteri.it\/it\/wp-json\/wp\/v2\/pages"}],"about":[{"href":"https:\/\/conschicago.esteri.it\/it\/wp-json\/wp\/v2\/types\/page"}],"author":[{"embeddable":true,"href":"https:\/\/conschicago.esteri.it\/it\/wp-json\/wp\/v2\/users\/4"}],"replies":[{"embeddable":true,"href":"https:\/\/conschicago.esteri.it\/it\/wp-json\/wp\/v2\/comments?post=1055"}],"version-history":[{"count":6,"href":"https:\/\/conschicago.esteri.it\/it\/wp-json\/wp\/v2\/pages\/1055\/revisions"}],"predecessor-version":[{"id":5336,"href":"https:\/\/conschicago.esteri.it\/it\/wp-json\/wp\/v2\/pages\/1055\/revisions\/5336"}],"up":[{"embeddable":true,"href":"https:\/\/conschicago.esteri.it\/it\/wp-json\/wp\/v2\/pages\/36"}],"wp:attachment":[{"href":"https:\/\/conschicago.esteri.it\/it\/wp-json\/wp\/v2\/media?parent=1055"}],"curies":[{"name":"wp","href":"https:\/\/api.w.org\/{rel}","templated":true}]}}